{"id":2071,"date":"2016-01-29T10:12:39","date_gmt":"2016-01-29T10:12:39","guid":{"rendered":"https:\/\/the7.io\/beauty-studio\/?page_id=5"},"modified":"2021-12-13T23:43:03","modified_gmt":"2021-12-13T23:43:03","slug":"impressum","status":"publish","type":"page","link":"https:\/\/www.solinger-glasversicherung.de\/index.php\/impressum\/","title":{"rendered":"Impressum"},"content":{"rendered":"<p>[vc_row full_height=&#8220;yes&#8220;][vc_column][vc_column_text]<\/p>\n<p style=\"text-align: center;\"><strong>Solinger Glasversicherung<\/strong><br \/>\nVersicherungsverein auf Gegenseitigkeit<\/p>\n<p style=\"text-align: center;\">vertreten durch das gesch\u00e4ftsf\u00fchrende Vorstandsmitglied Andreas Gabriel<\/p>\n<p style=\"text-align: center;\">Kasinostra\u00dfe 19<br \/>\n42651 Solingen<br \/>\nTelefon: 0212\/60543<br \/>\nTelefax: 0212\/61498<br \/>\nE-Mail: info(a)solinger-glasversicherung.de<\/p>\n<p>&nbsp;<\/p>\n<p>[\/vc_column_text][\/vc_column][\/vc_row]<\/p>\n","protected":false},"excerpt":{"rendered":"<p>[vc_row full_height=&#8220;yes&#8220;][vc_column][vc_column_text] Solinger Glasversicherung Versicherungsverein auf Gegenseitigkeit vertreten durch das gesch\u00e4ftsf\u00fchrende Vorstandsmitglied Andreas Gabriel Kasinostra\u00dfe 19 42651 Solingen Telefon: 0212\/60543 Telefax: 0212\/61498 E-Mail: info(a)solinger-glasversicherung.de &nbsp; [\/vc_column_text][\/vc_column][\/vc_row]<\/p>\n","protected":false},"author":1,"featured_media":0,"parent":0,"menu_order":100,"comment_status":"closed","ping_status":"closed","template":"","meta":[],"yoast_head":"<!-- This site is optimized with the Yoast SEO plugin v17.6 - https:\/\/yoast.com\/wordpress\/plugins\/seo\/ -->\n<title>Impressum - Solinger Glasversicherung V.a.G.<\/title>\n<meta name=\"robots\" content=\"index, follow, max-snippet:-1, max-image-preview:large, max-video-preview:-1\" \/>\n<link rel=\"canonical\" href=\"https:\/\/www.solinger-glasversicherung.de\/index.php\/impressum\/\" \/>\n<meta property=\"og:locale\" content=\"de_DE\" \/>\n<meta property=\"og:type\" content=\"article\" \/>\n<meta property=\"og:title\" content=\"Impressum - Solinger Glasversicherung V.a.G.\" \/>\n<meta property=\"og:description\" content=\"[vc_row full_height=&#8220;yes&#8220;][vc_column][vc_column_text] Solinger Glasversicherung Versicherungsverein auf Gegenseitigkeit vertreten durch das gesch\u00e4ftsf\u00fchrende Vorstandsmitglied Andreas Gabriel Kasinostra\u00dfe 19 42651 Solingen Telefon: 0212\/60543 Telefax: 0212\/61498 E-Mail: info(a)solinger-glasversicherung.de &nbsp; [\/vc_column_text][\/vc_column][\/vc_row]\" \/>\n<meta property=\"og:url\" content=\"https:\/\/www.solinger-glasversicherung.de\/index.php\/impressum\/\" \/>\n<meta property=\"og:site_name\" content=\"Solinger Glasversicherung V.a.G.\" \/>\n<meta property=\"article:modified_time\" content=\"2021-12-13T23:43:03+00:00\" \/>\n<meta name=\"twitter:card\" content=\"summary_large_image\" \/>\n<meta name=\"twitter:label1\" content=\"Gesch\u00e4tzte Lesezeit\" \/>\n\t<meta name=\"twitter:data1\" content=\"1\u00a0Minute\" \/>\n<script type=\"application\/ld+json\" class=\"yoast-schema-graph\">{\"@context\":\"https:\/\/schema.org\",\"@graph\":[{\"@type\":\"WebSite\",\"@id\":\"https:\/\/www.solinger-glasversicherung.de\/#website\",\"url\":\"https:\/\/www.solinger-glasversicherung.de\/\",\"name\":\"Solinger Glasversicherung V.a.G.\",\"description\":\"Versicherungsverein auf Gegenseitigkeit\",\"potentialAction\":[{\"@type\":\"SearchAction\",\"target\":{\"@type\":\"EntryPoint\",\"urlTemplate\":\"https:\/\/www.solinger-glasversicherung.de\/?s={search_term_string}\"},\"query-input\":\"required name=search_term_string\"}],\"inLanguage\":\"de\"},{\"@type\":\"WebPage\",\"@id\":\"https:\/\/www.solinger-glasversicherung.de\/index.php\/impressum\/#webpage\",\"url\":\"https:\/\/www.solinger-glasversicherung.de\/index.php\/impressum\/\",\"name\":\"Impressum - Solinger Glasversicherung V.a.G.\",\"isPartOf\":{\"@id\":\"https:\/\/www.solinger-glasversicherung.de\/#website\"},\"datePublished\":\"2016-01-29T10:12:39+00:00\",\"dateModified\":\"2021-12-13T23:43:03+00:00\",\"breadcrumb\":{\"@id\":\"https:\/\/www.solinger-glasversicherung.de\/index.php\/impressum\/#breadcrumb\"},\"inLanguage\":\"de\",\"potentialAction\":[{\"@type\":\"ReadAction\",\"target\":[\"https:\/\/www.solinger-glasversicherung.de\/index.php\/impressum\/\"]}]},{\"@type\":\"BreadcrumbList\",\"@id\":\"https:\/\/www.solinger-glasversicherung.de\/index.php\/impressum\/#breadcrumb\",\"itemListElement\":[{\"@type\":\"ListItem\",\"position\":1,\"name\":\"Home\",\"item\":\"https:\/\/www.solinger-glasversicherung.de\/\"},{\"@type\":\"ListItem\",\"position\":2,\"name\":\"Impressum\"}]}]}<\/script>\n<!-- \/ Yoast SEO plugin. -->","yoast_head_json":{"title":"Impressum - Solinger Glasversicherung V.a.G.","robots":{"index":"index","follow":"follow","max-snippet":"max-snippet:-1","max-image-preview":"max-image-preview:large","max-video-preview":"max-video-preview:-1"},"canonical":"https:\/\/www.solinger-glasversicherung.de\/index.php\/impressum\/","og_locale":"de_DE","og_type":"article","og_title":"Impressum - Solinger Glasversicherung V.a.G.","og_description":"[vc_row full_height=&#8220;yes&#8220;][vc_column][vc_column_text] Solinger Glasversicherung Versicherungsverein auf Gegenseitigkeit vertreten durch das gesch\u00e4ftsf\u00fchrende Vorstandsmitglied Andreas Gabriel Kasinostra\u00dfe 19 42651 Solingen Telefon: 0212\/60543 Telefax: 0212\/61498 E-Mail: info(a)solinger-glasversicherung.de &nbsp; [\/vc_column_text][\/vc_column][\/vc_row]","og_url":"https:\/\/www.solinger-glasversicherung.de\/index.php\/impressum\/","og_site_name":"Solinger Glasversicherung V.a.G.","article_modified_time":"2021-12-13T23:43:03+00:00","twitter_card":"summary_large_image","twitter_misc":{"Gesch\u00e4tzte Lesezeit":"1\u00a0Minute"},"schema":{"@context":"https:\/\/schema.org","@graph":[{"@type":"WebSite","@id":"https:\/\/www.solinger-glasversicherung.de\/#website","url":"https:\/\/www.solinger-glasversicherung.de\/","name":"Solinger Glasversicherung V.a.G.","description":"Versicherungsverein auf Gegenseitigkeit","potentialAction":[{"@type":"SearchAction","target":{"@type":"EntryPoint","urlTemplate":"https:\/\/www.solinger-glasversicherung.de\/?s={search_term_string}"},"query-input":"required name=search_term_string"}],"inLanguage":"de"},{"@type":"WebPage","@id":"https:\/\/www.solinger-glasversicherung.de\/index.php\/impressum\/#webpage","url":"https:\/\/www.solinger-glasversicherung.de\/index.php\/impressum\/","name":"Impressum - Solinger Glasversicherung V.a.G.","isPartOf":{"@id":"https:\/\/www.solinger-glasversicherung.de\/#website"},"datePublished":"2016-01-29T10:12:39+00:00","dateModified":"2021-12-13T23:43:03+00:00","breadcrumb":{"@id":"https:\/\/www.solinger-glasversicherung.de\/index.php\/impressum\/#breadcrumb"},"inLanguage":"de","potentialAction":[{"@type":"ReadAction","target":["https:\/\/www.solinger-glasversicherung.de\/index.php\/impressum\/"]}]},{"@type":"BreadcrumbList","@id":"https:\/\/www.solinger-glasversicherung.de\/index.php\/impressum\/#breadcrumb","itemListElement":[{"@type":"ListItem","position":1,"name":"Home","item":"https:\/\/www.solinger-glasversicherung.de\/"},{"@type":"ListItem","position":2,"name":"Impressum"}]}]}},"_links":{"self":[{"href":"https:\/\/www.solinger-glasversicherung.de\/index.php\/wp-json\/wp\/v2\/pages\/2071"}],"collection":[{"href":"https:\/\/www.solinger-glasversicherung.de\/index.php\/wp-json\/wp\/v2\/pages"}],"about":[{"href":"https:\/\/www.solinger-glasversicherung.de\/index.php\/wp-json\/wp\/v2\/types\/page"}],"author":[{"embeddable":true,"href":"https:\/\/www.solinger-glasversicherung.de\/index.php\/wp-json\/wp\/v2\/users\/1"}],"replies":[{"embeddable":true,"href":"https:\/\/www.solinger-glasversicherung.de\/index.php\/wp-json\/wp\/v2\/comments?post=2071"}],"version-history":[{"count":7,"href":"https:\/\/www.solinger-glasversicherung.de\/index.php\/wp-json\/wp\/v2\/pages\/2071\/revisions"}],"predecessor-version":[{"id":2299,"href":"https:\/\/www.solinger-glasversicherung.de\/index.php\/wp-json\/wp\/v2\/pages\/2071\/revisions\/2299"}],"wp:attachment":[{"href":"https:\/\/www.solinger-glasversicherung.de\/index.php\/wp-json\/wp\/v2\/media?parent=2071"}],"curies":[{"name":"wp","href":"https:\/\/api.w.org\/{rel}","templated":true}]}}