{"id":2235,"date":"2020-10-01T12:09:53","date_gmt":"2020-10-01T12:09:53","guid":{"rendered":"https:\/\/www.solinger-glasversicherung.de\/?page_id=2235"},"modified":"2020-10-26T12:38:29","modified_gmt":"2020-10-26T12:38:29","slug":"versicherung-auf-gegenseitigkeit","status":"publish","type":"page","link":"https:\/\/www.solinger-glasversicherung.de\/index.php\/versicherung-auf-gegenseitigkeit\/","title":{"rendered":"Versicherungsverein auf Gegenseitigkeit"},"content":{"rendered":"<p>[vc_row][vc_column width=&#8220;5\/12&#8243;][vc_single_image image=&#8220;2272&#8243; img_size=&#8220;300&#215;300&#8243; alignment=&#8220;center&#8220; style=&#8220;vc_box_circle&#8220;][\/vc_column][vc_column width=&#8220;7\/12&#8243;]<div id=\"ultimate-heading-675069f6fe3c3c914\" class=\"uvc-heading ult-adjust-bottom-margin ultimate-heading-675069f6fe3c3c914 uvc-5854 \" data-hspacer=\"line_only\"  data-halign=\"left\" style=\"text-align:left\"><div class=\"uvc-main-heading ult-responsive\"  data-ultimate-target='.uvc-heading.ultimate-heading-675069f6fe3c3c914 h2'  data-responsive-json-new='{\"font-size\":\"desktop:34px;\",\"line-height\":\"desktop:44px;\"}' ><h2 style=\"font-weight:bold;margin-bottom:15px;\">Versicherungsverein auf Gegenseitigkeit<\/h2><\/div><div class=\"uvc-heading-spacer line_only\" style=\"margin-bottom:35px;height:3px;\"><span class=\"uvc-headings-line\" style=\"border-style:solid;border-bottom-width:3px;border-color:#3d8bb7;width:200px;\"><\/span><\/div><div class=\"uvc-sub-heading ult-responsive\"  data-ultimate-target='.uvc-heading.ultimate-heading-675069f6fe3c3c914 .uvc-sub-heading '  data-responsive-json-new='{\"font-size\":\"desktop:20px;\",\"line-height\":\"desktop:32px;\"}'  style=\"font-weight:normal;margin-bottom:25px;\">Die Solinger Glasversicherung V.a.G. (Versicherung auf Gegenseitigkeit) wurde bereits 1923 gegr\u00fcndet.<\/div><\/div>[vc_column_text]Wir haben die Rechtsform des Versicherungsvereins auf Gegenseitigkeit gew\u00e4hlt. Diese besondere nur f\u00fcr Versicherer zul\u00e4ssige Rechtsform hat sich das Gegenseitigkeitsprinzip zum Ziel Gemacht. Wir sind ein kleiner Verein und haben nur eine Sparte. Wir versichern nur Glas.<\/p>\n<p>Dabei sind die Mitglieder des Vereins diejenigen, die den Verein tragen. Vertreten werden die Mitglieder des Vereins durch den 3-k\u00f6pfigen Vorstand und einen 5-k\u00f6pfigen Aufsichtsrat. Gesch\u00e4ftsf\u00fchrendes Vorstandsmitglied ist zurzeit Andreas Gabriel.<\/p>\n<p>Insgesamt steht die Solinger Glasversicherung auf gesunden finanziellen F\u00fc\u00dfen. Die Bezirksregierung in D\u00fcsseldorf ist die Institution, an die wir unsere j\u00e4hrlichen Bilanzen und Gewinn- und Verlustrechnungen senden, gegen\u00fcber der wir praktisch Rechenschaft ablegen.<\/p>\n<p>&nbsp;<\/p>\n<p>[\/vc_column_text]<style type=\"text\/css\" data-type=\"the7_shortcodes-inline-css\">#default-btn-fa6133052c26e9609a6ad10c79e5c059.ico-right-side > i {\n  margin-right: 0px;\n  margin-left: 8px;\n}\n#default-btn-fa6133052c26e9609a6ad10c79e5c059 > i {\n  margin-right: 8px;\n}\n#default-btn-fa6133052c26e9609a6ad10c79e5c059 * {\n  vertical-align: middle;\n}\n<\/style><div class=\"btn-align-center\"><a href=\"\/#!\/consultation\" class=\"default-btn-shortcode dt-btn dt-btn-m link-hover-off full-width-btn \" id=\"default-btn-fa6133052c26e9609a6ad10c79e5c059\"><span>Jetzt Mitglied werden um Ihre Scheiben oder Schaufenster g\u00fcnstig zu versichern<\/span><\/a><\/div>[\/vc_column][\/vc_row]<\/p>\n","protected":false},"excerpt":{"rendered":"<p>[vc_row][vc_column width=&#8220;5\/12&#8243;][vc_single_image image=&#8220;2272&#8243; img_size=&#8220;300&#215;300&#8243; alignment=&#8220;center&#8220; style=&#8220;vc_box_circle&#8220;][\/vc_column][vc_column width=&#8220;7\/12&#8243;][vc_column_text]Wir haben die Rechtsform des Versicherungsvereins auf Gegenseitigkeit gew\u00e4hlt. Diese besondere nur f\u00fcr Versicherer zul\u00e4ssige Rechtsform hat sich das Gegenseitigkeitsprinzip zum Ziel Gemacht. Wir sind ein kleiner Verein und haben nur eine Sparte. Wir versichern nur Glas. Dabei sind die Mitglieder des Vereins diejenigen, die den Verein tragen. Vertreten&hellip;<\/p>\n","protected":false},"author":1,"featured_media":0,"parent":0,"menu_order":0,"comment_status":"closed","ping_status":"closed","template":"","meta":[],"yoast_head":"<!-- This site is optimized with the Yoast SEO plugin v17.6 - https:\/\/yoast.com\/wordpress\/plugins\/seo\/ -->\n<title>Versicherungsverein auf Gegenseitigkeit - Solinger Glasversicherung V.a.G.<\/title>\n<meta name=\"description\" content=\"Glasversicherung, Versicherung von Schaufenstern, Scheiben, Glas zu g\u00fcnstigen Tarifen im Verein auf Gegenseitigkeit.\" \/>\n<meta name=\"robots\" content=\"index, follow, max-snippet:-1, max-image-preview:large, max-video-preview:-1\" \/>\n<link rel=\"canonical\" href=\"https:\/\/www.solinger-glasversicherung.de\/index.php\/versicherung-auf-gegenseitigkeit\/\" \/>\n<meta property=\"og:locale\" content=\"de_DE\" \/>\n<meta property=\"og:type\" content=\"article\" \/>\n<meta property=\"og:title\" content=\"Versicherungsverein auf Gegenseitigkeit - Solinger Glasversicherung V.a.G.\" \/>\n<meta property=\"og:description\" content=\"Glasversicherung, Versicherung von Schaufenstern, Scheiben, Glas zu g\u00fcnstigen Tarifen im Verein auf Gegenseitigkeit.\" \/>\n<meta property=\"og:url\" content=\"https:\/\/www.solinger-glasversicherung.de\/index.php\/versicherung-auf-gegenseitigkeit\/\" \/>\n<meta property=\"og:site_name\" content=\"Solinger Glasversicherung V.a.G.\" \/>\n<meta property=\"article:modified_time\" content=\"2020-10-26T12:38:29+00:00\" \/>\n<meta name=\"twitter:card\" content=\"summary_large_image\" \/>\n<meta name=\"twitter:label1\" content=\"Gesch\u00e4tzte Lesezeit\" \/>\n\t<meta name=\"twitter:data1\" content=\"1\u00a0Minute\" \/>\n<script type=\"application\/ld+json\" class=\"yoast-schema-graph\">{\"@context\":\"https:\/\/schema.org\",\"@graph\":[{\"@type\":\"WebSite\",\"@id\":\"https:\/\/www.solinger-glasversicherung.de\/#website\",\"url\":\"https:\/\/www.solinger-glasversicherung.de\/\",\"name\":\"Solinger Glasversicherung V.a.G.\",\"description\":\"Versicherungsverein auf Gegenseitigkeit\",\"potentialAction\":[{\"@type\":\"SearchAction\",\"target\":{\"@type\":\"EntryPoint\",\"urlTemplate\":\"https:\/\/www.solinger-glasversicherung.de\/?s={search_term_string}\"},\"query-input\":\"required name=search_term_string\"}],\"inLanguage\":\"de\"},{\"@type\":\"WebPage\",\"@id\":\"https:\/\/www.solinger-glasversicherung.de\/index.php\/versicherung-auf-gegenseitigkeit\/#webpage\",\"url\":\"https:\/\/www.solinger-glasversicherung.de\/index.php\/versicherung-auf-gegenseitigkeit\/\",\"name\":\"Versicherungsverein auf Gegenseitigkeit - Solinger Glasversicherung V.a.G.\",\"isPartOf\":{\"@id\":\"https:\/\/www.solinger-glasversicherung.de\/#website\"},\"datePublished\":\"2020-10-01T12:09:53+00:00\",\"dateModified\":\"2020-10-26T12:38:29+00:00\",\"description\":\"Glasversicherung, Versicherung von Schaufenstern, Scheiben, Glas zu g\\u00fcnstigen Tarifen im Verein auf Gegenseitigkeit.\",\"breadcrumb\":{\"@id\":\"https:\/\/www.solinger-glasversicherung.de\/index.php\/versicherung-auf-gegenseitigkeit\/#breadcrumb\"},\"inLanguage\":\"de\",\"potentialAction\":[{\"@type\":\"ReadAction\",\"target\":[\"https:\/\/www.solinger-glasversicherung.de\/index.php\/versicherung-auf-gegenseitigkeit\/\"]}]},{\"@type\":\"BreadcrumbList\",\"@id\":\"https:\/\/www.solinger-glasversicherung.de\/index.php\/versicherung-auf-gegenseitigkeit\/#breadcrumb\",\"itemListElement\":[{\"@type\":\"ListItem\",\"position\":1,\"name\":\"Home\",\"item\":\"https:\/\/www.solinger-glasversicherung.de\/\"},{\"@type\":\"ListItem\",\"position\":2,\"name\":\"Versicherungsverein auf Gegenseitigkeit\"}]}]}<\/script>\n<!-- \/ Yoast SEO plugin. -->","yoast_head_json":{"title":"Versicherungsverein auf Gegenseitigkeit - Solinger Glasversicherung V.a.G.","description":"Glasversicherung, Versicherung von Schaufenstern, Scheiben, Glas zu g\u00fcnstigen Tarifen im Verein auf Gegenseitigkeit.","robots":{"index":"index","follow":"follow","max-snippet":"max-snippet:-1","max-image-preview":"max-image-preview:large","max-video-preview":"max-video-preview:-1"},"canonical":"https:\/\/www.solinger-glasversicherung.de\/index.php\/versicherung-auf-gegenseitigkeit\/","og_locale":"de_DE","og_type":"article","og_title":"Versicherungsverein auf Gegenseitigkeit - Solinger Glasversicherung V.a.G.","og_description":"Glasversicherung, Versicherung von Schaufenstern, Scheiben, Glas zu g\u00fcnstigen Tarifen im Verein auf Gegenseitigkeit.","og_url":"https:\/\/www.solinger-glasversicherung.de\/index.php\/versicherung-auf-gegenseitigkeit\/","og_site_name":"Solinger Glasversicherung V.a.G.","article_modified_time":"2020-10-26T12:38:29+00:00","twitter_card":"summary_large_image","twitter_misc":{"Gesch\u00e4tzte Lesezeit":"1\u00a0Minute"},"schema":{"@context":"https:\/\/schema.org","@graph":[{"@type":"WebSite","@id":"https:\/\/www.solinger-glasversicherung.de\/#website","url":"https:\/\/www.solinger-glasversicherung.de\/","name":"Solinger Glasversicherung V.a.G.","description":"Versicherungsverein auf Gegenseitigkeit","potentialAction":[{"@type":"SearchAction","target":{"@type":"EntryPoint","urlTemplate":"https:\/\/www.solinger-glasversicherung.de\/?s={search_term_string}"},"query-input":"required name=search_term_string"}],"inLanguage":"de"},{"@type":"WebPage","@id":"https:\/\/www.solinger-glasversicherung.de\/index.php\/versicherung-auf-gegenseitigkeit\/#webpage","url":"https:\/\/www.solinger-glasversicherung.de\/index.php\/versicherung-auf-gegenseitigkeit\/","name":"Versicherungsverein auf Gegenseitigkeit - Solinger Glasversicherung V.a.G.","isPartOf":{"@id":"https:\/\/www.solinger-glasversicherung.de\/#website"},"datePublished":"2020-10-01T12:09:53+00:00","dateModified":"2020-10-26T12:38:29+00:00","description":"Glasversicherung, Versicherung von Schaufenstern, Scheiben, Glas zu g\u00fcnstigen Tarifen im Verein auf Gegenseitigkeit.","breadcrumb":{"@id":"https:\/\/www.solinger-glasversicherung.de\/index.php\/versicherung-auf-gegenseitigkeit\/#breadcrumb"},"inLanguage":"de","potentialAction":[{"@type":"ReadAction","target":["https:\/\/www.solinger-glasversicherung.de\/index.php\/versicherung-auf-gegenseitigkeit\/"]}]},{"@type":"BreadcrumbList","@id":"https:\/\/www.solinger-glasversicherung.de\/index.php\/versicherung-auf-gegenseitigkeit\/#breadcrumb","itemListElement":[{"@type":"ListItem","position":1,"name":"Home","item":"https:\/\/www.solinger-glasversicherung.de\/"},{"@type":"ListItem","position":2,"name":"Versicherungsverein auf Gegenseitigkeit"}]}]}},"_links":{"self":[{"href":"https:\/\/www.solinger-glasversicherung.de\/index.php\/wp-json\/wp\/v2\/pages\/2235"}],"collection":[{"href":"https:\/\/www.solinger-glasversicherung.de\/index.php\/wp-json\/wp\/v2\/pages"}],"about":[{"href":"https:\/\/www.solinger-glasversicherung.de\/index.php\/wp-json\/wp\/v2\/types\/page"}],"author":[{"embeddable":true,"href":"https:\/\/www.solinger-glasversicherung.de\/index.php\/wp-json\/wp\/v2\/users\/1"}],"replies":[{"embeddable":true,"href":"https:\/\/www.solinger-glasversicherung.de\/index.php\/wp-json\/wp\/v2\/comments?post=2235"}],"version-history":[{"count":10,"href":"https:\/\/www.solinger-glasversicherung.de\/index.php\/wp-json\/wp\/v2\/pages\/2235\/revisions"}],"predecessor-version":[{"id":2288,"href":"https:\/\/www.solinger-glasversicherung.de\/index.php\/wp-json\/wp\/v2\/pages\/2235\/revisions\/2288"}],"wp:attachment":[{"href":"https:\/\/www.solinger-glasversicherung.de\/index.php\/wp-json\/wp\/v2\/media?parent=2235"}],"curies":[{"name":"wp","href":"https:\/\/api.w.org\/{rel}","templated":true}]}}